{"id":10,"date":"2022-08-29T13:37:17","date_gmt":"2022-08-29T13:37:17","guid":{"rendered":"https:\/\/invitatie.filipmihai.com\/?page_id=10"},"modified":"2022-08-30T12:29:10","modified_gmt":"2022-08-30T12:29:10","slug":"invitatie","status":"publish","type":"page","link":"https:\/\/invitatie.filipmihai.com\/","title":{"rendered":"Invitatie"},"content":{"rendered":"<!-- wp:themify-builder\/canvas \/-->\n\n<!--themify_builder_static--><img decoding=\"async\" loading=\"lazy\" width=\"112\" height=\"95\" src=\"https:\/\/invitatie.filipmihai.com\/wp-content\/uploads\/2022\/08\/home_04_flower_01.png\" title=\"home_04_flower_01\" alt=\"home_04_flower_01\" srcset=\"https:\/\/invitatie.filipmihai.com\/wp-content\/uploads\/2022\/08\/home_04_flower_01.png 112w, https:\/\/invitatie.filipmihai.com\/wp-content\/uploads\/2022\/08\/home_04_flower_01-150x127.png 150w, https:\/\/invitatie.filipmihai.com\/wp-content\/uploads\/2022\/08\/home_04_flower_01-100x84.png 100w\" sizes=\"auto, (max-width: 112px) 100vw, 112px\" \/>\n<p style=\"text-align: center;\">Ne c\u0103s\u0103torim!<\/p>\n<h1>Alexandra<br>&#038;\u00a0 Mihai<br\/><\/h1>\n<p style=\"text-align: center;\">15 OCTOMBRIE<\/p>\nZile Ore Minute Secunde\n<img decoding=\"async\" loading=\"lazy\" width=\"451\" height=\"399\" src=\"https:\/\/invitatie.filipmihai.com\/wp-content\/uploads\/2022\/08\/timeline_06.png\" title=\"timeline_06\" alt=\"timeline_06\" srcset=\"https:\/\/invitatie.filipmihai.com\/wp-content\/uploads\/2022\/08\/timeline_06.png 451w, https:\/\/invitatie.filipmihai.com\/wp-content\/uploads\/2022\/08\/timeline_06-300x265.png 300w, https:\/\/invitatie.filipmihai.com\/wp-content\/uploads\/2022\/08\/timeline_06-150x132.png 150w\" sizes=\"auto, (max-width: 451px) 100vw, 451px\" \/>\n<p style=\"text-align: center;\">Noi,<\/p>\n<p style=\"text-align: center;\">Alexandra &amp; Mihai<\/p>\n<p style=\"text-align: center;\"><br>al\u0103turi de p\u0103rin\u021bii<\/p>\n<p style=\"text-align: center;\">Rozalia &amp; Liviu Baciu<\/p> <p style=\"text-align: center;\">Mariana &amp; Viorel Filip<\/p>\n<p style=\"text-align: center;\"><br>c\u0103l\u0103uzi\u021bi pe drumul vie\u021bii de na\u0219ii<\/p>\n<p style=\"text-align: center;\">Maria &amp; Alexandru Petrescu<\/p> <p style=\"text-align: center;\">Alina &amp; Alexandru Risnita<\/p>\n<p style=\"text-align: center;\">V\u0103 invit\u0103m<\/p> <p style=\"text-align: center; color: #bca680;\">S\u00e2mb\u0103t\u0103, 15 Octombrie 2022<\/p> <p style=\"text-align: center;\">s\u0103 s\u0103rb\u0103torim prima zi a vie\u021bii noastre<br>\u00eempreun\u0103, la Grand Hotel Italia<br>(Strad\u0103 Trifoiului nr. 2, Cluj-Napoca)<br>sala Congressi, \u00eencep\u00e2nd cu ora 18:00.<\/p> <p style=\"text-align: center;\">V\u0103 rug\u0103m s\u0103 confirma\u021bi prezen\u021ba<br>p\u00e2n\u0103 pe 30 Septembrie.<br><a href=\"tel:+40740709542\">0740709542<\/a> (Alexandra)<br><a href=\"tel:+40742691387\">0742691387<\/a> (Mihai)<\/p>\n<p style=\"text-align: center;\"><iframe loading=\"lazy\" style=\"border: 1px solid #bca680;\" src=\"https:\/\/www.google.com\/maps\/embed?pb=!1m14!1m8!1m3!1d10934.43188586352!2d23.6057323!3d46.7529115!3m2!1i1024!2i768!4f13.1!3m3!1m2!1s0x0%3A0xc5070934d476fab6!2sGrand%20Hotel%20Italia!5e0!3m2!1sen!2sro!4v1661788875386!5m2!1sen!2sro\" width=\"100%\" height=\"450\" allowfullscreen=\"allowfullscreen\"><\/iframe><\/p>\n<p style=\"text-align: center;\">Va\u00a0asteptam cu mult drag!<\/p>\n<img decoding=\"async\" loading=\"lazy\" width=\"1280\" height=\"1000\" src=\"https:\/\/invitatie.filipmihai.com\/wp-content\/uploads\/2022\/08\/background_01_home_04.png\" title=\"Alexandra&lt;br&gt;&amp; Mihai\" alt=\"Alexandra&lt;br&gt;&amp; Mihai\" srcset=\"https:\/\/invitatie.filipmihai.com\/wp-content\/uploads\/2022\/08\/background_01_home_04.png 1280w, https:\/\/invitatie.filipmihai.com\/wp-content\/uploads\/2022\/08\/background_01_home_04-300x234.png 300w, https:\/\/invitatie.filipmihai.com\/wp-content\/uploads\/2022\/08\/background_01_home_04-1024x800.png 1024w, https:\/\/invitatie.filipmihai.com\/wp-content\/uploads\/2022\/08\/background_01_home_04-768x600.png 768w\" sizes=\"auto, (max-width: 1280px) 100vw, 1280px\" \/> <h1> Alexandra<br>&#038; Mihai <\/h1>\n<p style=\"text-align: center;\">15 OCTOMBRIE<\/p>\n<img decoding=\"async\" loading=\"lazy\" src=\"https:\/\/invitatie.filipmihai.com\/wp-content\/uploads\/2022\/08\/timeline_04-150x149.png\" width=\"150\" height=\"149\" title=\"timeline_04\" alt=\"timeline_04\" srcset=\"https:\/\/invitatie.filipmihai.com\/wp-content\/uploads\/2022\/08\/timeline_04-150x149.png 150w, https:\/\/invitatie.filipmihai.com\/wp-content\/uploads\/2022\/08\/timeline_04-300x300.png 300w, https:\/\/invitatie.filipmihai.com\/wp-content\/uploads\/2022\/08\/timeline_04-200x199.png 200w, https:\/\/invitatie.filipmihai.com\/wp-content\/uploads\/2022\/08\/timeline_04.png 400w\" sizes=\"auto, (max-width: 150px) 100vw, 150px\" \/>\nZile Ore Minute Secunde\n<img decoding=\"async\" loading=\"lazy\" src=\"https:\/\/invitatie.filipmihai.com\/wp-content\/uploads\/2022\/08\/timeline_06-150x132.png\" width=\"150\" height=\"132\" title=\"timeline_06\" alt=\"timeline_06\" srcset=\"https:\/\/invitatie.filipmihai.com\/wp-content\/uploads\/2022\/08\/timeline_06-150x132.png 150w, https:\/\/invitatie.filipmihai.com\/wp-content\/uploads\/2022\/08\/timeline_06-300x265.png 300w, https:\/\/invitatie.filipmihai.com\/wp-content\/uploads\/2022\/08\/timeline_06.png 451w\" sizes=\"auto, (max-width: 150px) 100vw, 150px\" \/>\n<p style=\"text-align: center;\">Noi,<\/p>\n<p style=\"text-align: center;\">Alexandra &amp; Mihai<\/p>\n<p style=\"text-align: center;\">al\u0103turi de p\u0103rin\u021bii<\/p>\n<p style=\"text-align: center;\">Rozalia &amp; Liviu Baciu<br>Mariana &amp; Viorel Filip<\/p>\n<p style=\"text-align: center;\">c\u0103l\u0103uzi\u021bi pe drumul vie\u021bii de na\u0219ii<\/p>\n<p style=\"text-align: center;\">Maria &amp; Alexandru Petrescu<br>Alina &amp; Alexandru Risnita<\/p>\n<p style=\"text-align: center;\">V\u0103 invit\u0103m<\/p> <p style=\"text-align: center; color: #bca680;\">S\u00e2mb\u0103t\u0103, 15 Octombrie 2022<\/p> <p style=\"text-align: center;\">s\u0103 s\u0103rb\u0103torim prima zi a vie\u021bii noastre<br>\u00eempreun\u0103, la Grand Hotel Italia<br>(Strad\u0103 Trifoiului nr. 2, Cluj-Napoca)<br>sala Congressi, \u00eencep\u00e2nd cu ora 18:00.<\/p> <p style=\"text-align: center;\">V\u0103 rug\u0103m s\u0103 confirma\u021bi prezen\u021ba<br>p\u00e2n\u0103 pe 30 Septembrie.<br><a href=\"tel:+40740709542\">0740709542<\/a> (Alexandra)<br><a href=\"tel:+40742691387\">0742691387<\/a> (Mihai)<\/p>\n<p style=\"text-align: center;\"><iframe loading=\"lazy\" style=\"border: 1px solid #bca680;\" src=\"https:\/\/www.google.com\/maps\/embed?pb=!1m14!1m8!1m3!1d10934.43188586352!2d23.6057323!3d46.7529115!3m2!1i1024!2i768!4f13.1!3m3!1m2!1s0x0%3A0xc5070934d476fab6!2sGrand%20Hotel%20Italia!5e0!3m2!1sen!2sro!4v1661788875386!5m2!1sen!2sro\" width=\"100%\" height=\"300\" allowfullscreen=\"allowfullscreen\"><\/iframe><\/p>\n<p style=\"text-align: center;\">Va asteptam cu mult drag!<\/p><!--\/themify_builder_static-->","protected":false},"excerpt":{"rendered":"<p>Ne c\u0103s\u0103torim! Alexandra&#038;\u00a0 Mihai 15 OCTOMBRIE Zile Ore Minute Secunde Noi, Alexandra &amp; Mihai al\u0103turi de p\u0103rin\u021bii Rozalia &amp; Liviu Baciu Mariana &amp; Viorel Filip c\u0103l\u0103uzi\u021bi pe drumul vie\u021bii de na\u0219ii Maria &amp; Alexandru Petrescu Alina &amp; Alexandru Risnita V\u0103 invit\u0103m S\u00e2mb\u0103t\u0103, 15 Octombrie 2022 s\u0103 s\u0103rb\u0103torim prima zi a vie\u021bii noastre\u00eempreun\u0103, la Grand Hotel [&hellip;]<\/p>\n","protected":false},"author":1,"featured_media":0,"parent":0,"menu_order":0,"comment_status":"closed","ping_status":"closed","template":"","meta":{"footnotes":""},"class_list":["post-10","page","type-page","status-publish","hentry","has-post-title","has-post-date","has-post-category","has-post-tag","has-post-comment","has-post-author",""],"builder_content":"<img loading=\"lazy\" decoding=\"async\" width=\"112\" height=\"95\" src=\"https:\/\/invitatie.filipmihai.com\/wp-content\/uploads\/2022\/08\/home_04_flower_01.png\" title=\"home_04_flower_01\" alt=\"home_04_flower_01\" srcset=\"https:\/\/invitatie.filipmihai.com\/wp-content\/uploads\/2022\/08\/home_04_flower_01.png 112w, https:\/\/invitatie.filipmihai.com\/wp-content\/uploads\/2022\/08\/home_04_flower_01-150x127.png 150w, https:\/\/invitatie.filipmihai.com\/wp-content\/uploads\/2022\/08\/home_04_flower_01-100x84.png 100w\" sizes=\"auto, (max-width: 112px) 100vw, 112px\" \/>\n<p style=\"text-align: center;\">Ne c\u0103s\u0103torim!<\/p>\n<h1>Alexandra<br>&\u00a0 Mihai<br\/><\/h1>\n<p style=\"text-align: center;\">15 OCTOMBRIE<\/p>\n<img loading=\"lazy\" decoding=\"async\" width=\"451\" height=\"399\" src=\"https:\/\/invitatie.filipmihai.com\/wp-content\/uploads\/2022\/08\/timeline_06.png\" title=\"timeline_06\" alt=\"timeline_06\" srcset=\"https:\/\/invitatie.filipmihai.com\/wp-content\/uploads\/2022\/08\/timeline_06.png 451w, https:\/\/invitatie.filipmihai.com\/wp-content\/uploads\/2022\/08\/timeline_06-300x265.png 300w, https:\/\/invitatie.filipmihai.com\/wp-content\/uploads\/2022\/08\/timeline_06-150x132.png 150w\" sizes=\"auto, (max-width: 451px) 100vw, 451px\" \/>\n<p style=\"text-align: center;\">Noi,<\/p>\n<p style=\"text-align: center;\">Alexandra &amp; Mihai<\/p>\n<p style=\"text-align: center;\"><br>al\u0103turi de p\u0103rin\u021bii<\/p>\n<p style=\"text-align: center;\">Rozalia &amp; Liviu Baciu<\/p> <p style=\"text-align: center;\">Mariana &amp; Viorel Filip<\/p>\n<p style=\"text-align: center;\"><br>c\u0103l\u0103uzi\u021bi pe drumul vie\u021bii de na\u0219ii<\/p>\n<p style=\"text-align: center;\">Maria &amp; Alexandru Petrescu<\/p> <p style=\"text-align: center;\">Alina &amp; Alexandru Risnita<\/p>\n<p style=\"text-align: center;\">V\u0103 invit\u0103m<\/p> <p style=\"text-align: center; color: #bca680;\">S\u00e2mb\u0103t\u0103, 15 Octombrie 2022<\/p> <p style=\"text-align: center;\">s\u0103 s\u0103rb\u0103torim prima zi a vie\u021bii noastre<br>\u00eempreun\u0103, la Grand Hotel Italia<br>(Strad\u0103 Trifoiului nr. 2, Cluj-Napoca)<br>sala Congressi, \u00eencep\u00e2nd cu ora 18:00.<\/p> <p style=\"text-align: center;\">V\u0103 rug\u0103m s\u0103 confirma\u021bi prezen\u021ba<br>p\u00e2n\u0103 pe 30 Septembrie.<br><a href=\"tel:+40740709542\">0740709542<\/a> (Alexandra)<br><a href=\"tel:+40742691387\">0742691387<\/a> (Mihai)<\/p>\n<p style=\"text-align: center;\"><iframe style=\"border: 1px solid #bca680;\" src=\"https:\/\/www.google.com\/maps\/embed?pb=!1m14!1m8!1m3!1d10934.43188586352!2d23.6057323!3d46.7529115!3m2!1i1024!2i768!4f13.1!3m3!1m2!1s0x0%3A0xc5070934d476fab6!2sGrand%20Hotel%20Italia!5e0!3m2!1sen!2sro!4v1661788875386!5m2!1sen!2sro\" width=\"100%\" height=\"450\" allowfullscreen=\"allowfullscreen\"><\/iframe><\/p>\n<p style=\"text-align: center;\">Va\u00a0asteptam cu mult drag!<\/p>\n<img loading=\"lazy\" decoding=\"async\" width=\"1280\" height=\"1000\" src=\"https:\/\/invitatie.filipmihai.com\/wp-content\/uploads\/2022\/08\/background_01_home_04.png\" title=\"Alexandra&lt;br&gt;&amp; Mihai\" alt=\"Alexandra&lt;br&gt;&amp; Mihai\" srcset=\"https:\/\/invitatie.filipmihai.com\/wp-content\/uploads\/2022\/08\/background_01_home_04.png 1280w, https:\/\/invitatie.filipmihai.com\/wp-content\/uploads\/2022\/08\/background_01_home_04-300x234.png 300w, https:\/\/invitatie.filipmihai.com\/wp-content\/uploads\/2022\/08\/background_01_home_04-1024x800.png 1024w, https:\/\/invitatie.filipmihai.com\/wp-content\/uploads\/2022\/08\/background_01_home_04-768x600.png 768w\" sizes=\"auto, (max-width: 1280px) 100vw, 1280px\" \/> <h1> Alexandra<br>& Mihai <\/h1>\n<p style=\"text-align: center;\">15 OCTOMBRIE<\/p>\n<img loading=\"lazy\" decoding=\"async\" src=\"https:\/\/invitatie.filipmihai.com\/wp-content\/uploads\/2022\/08\/timeline_04-150x149.png\" width=\"150\" height=\"149\" title=\"timeline_04\" alt=\"timeline_04\" srcset=\"https:\/\/invitatie.filipmihai.com\/wp-content\/uploads\/2022\/08\/timeline_04-150x149.png 150w, https:\/\/invitatie.filipmihai.com\/wp-content\/uploads\/2022\/08\/timeline_04-300x300.png 300w, https:\/\/invitatie.filipmihai.com\/wp-content\/uploads\/2022\/08\/timeline_04-200x199.png 200w, https:\/\/invitatie.filipmihai.com\/wp-content\/uploads\/2022\/08\/timeline_04.png 400w\" sizes=\"auto, (max-width: 150px) 100vw, 150px\" \/>\n<img loading=\"lazy\" decoding=\"async\" src=\"https:\/\/invitatie.filipmihai.com\/wp-content\/uploads\/2022\/08\/timeline_06-150x132.png\" width=\"150\" height=\"132\" title=\"timeline_06\" alt=\"timeline_06\" srcset=\"https:\/\/invitatie.filipmihai.com\/wp-content\/uploads\/2022\/08\/timeline_06-150x132.png 150w, https:\/\/invitatie.filipmihai.com\/wp-content\/uploads\/2022\/08\/timeline_06-300x265.png 300w, https:\/\/invitatie.filipmihai.com\/wp-content\/uploads\/2022\/08\/timeline_06.png 451w\" sizes=\"auto, (max-width: 150px) 100vw, 150px\" \/>\n<p style=\"text-align: center;\">Noi,<\/p>\n<p style=\"text-align: center;\">Alexandra &amp; Mihai<\/p>\n<p style=\"text-align: center;\">al\u0103turi de p\u0103rin\u021bii<\/p>\n<p style=\"text-align: center;\">Rozalia &amp; Liviu Baciu<br>Mariana &amp; Viorel Filip<\/p>\n<p style=\"text-align: center;\">c\u0103l\u0103uzi\u021bi pe drumul vie\u021bii de na\u0219ii<\/p>\n<p style=\"text-align: center;\">Maria &amp; Alexandru Petrescu<br>Alina &amp; Alexandru Risnita<\/p>\n<p style=\"text-align: center;\">V\u0103 invit\u0103m<\/p> <p style=\"text-align: center; color: #bca680;\">S\u00e2mb\u0103t\u0103, 15 Octombrie 2022<\/p> <p style=\"text-align: center;\">s\u0103 s\u0103rb\u0103torim prima zi a vie\u021bii noastre<br>\u00eempreun\u0103, la Grand Hotel Italia<br>(Strad\u0103 Trifoiului nr. 2, Cluj-Napoca)<br>sala Congressi, \u00eencep\u00e2nd cu ora 18:00.<\/p> <p style=\"text-align: center;\">V\u0103 rug\u0103m s\u0103 confirma\u021bi prezen\u021ba<br>p\u00e2n\u0103 pe 30 Septembrie.<br><a href=\"tel:+40740709542\">0740709542<\/a> (Alexandra)<br><a href=\"tel:+40742691387\">0742691387<\/a> (Mihai)<\/p>\n<p style=\"text-align: center;\"><iframe style=\"border: 1px solid #bca680;\" src=\"https:\/\/www.google.com\/maps\/embed?pb=!1m14!1m8!1m3!1d10934.43188586352!2d23.6057323!3d46.7529115!3m2!1i1024!2i768!4f13.1!3m3!1m2!1s0x0%3A0xc5070934d476fab6!2sGrand%20Hotel%20Italia!5e0!3m2!1sen!2sro!4v1661788875386!5m2!1sen!2sro\" width=\"100%\" height=\"300\" allowfullscreen=\"allowfullscreen\"><\/iframe><\/p>\n<p style=\"text-align: center;\">Va asteptam cu mult drag!<\/p>","_links":{"self":[{"href":"https:\/\/invitatie.filipmihai.com\/index.php?rest_route=\/wp\/v2\/pages\/10","targetHints":{"allow":["GET"]}}],"collection":[{"href":"https:\/\/invitatie.filipmihai.com\/index.php?rest_route=\/wp\/v2\/pages"}],"about":[{"href":"https:\/\/invitatie.filipmihai.com\/index.php?rest_route=\/wp\/v2\/types\/page"}],"author":[{"embeddable":true,"href":"https:\/\/invitatie.filipmihai.com\/index.php?rest_route=\/wp\/v2\/users\/1"}],"replies":[{"embeddable":true,"href":"https:\/\/invitatie.filipmihai.com\/index.php?rest_route=%2Fwp%2Fv2%2Fcomments&post=10"}],"version-history":[{"count":117,"href":"https:\/\/invitatie.filipmihai.com\/index.php?rest_route=\/wp\/v2\/pages\/10\/revisions"}],"predecessor-version":[{"id":150,"href":"https:\/\/invitatie.filipmihai.com\/index.php?rest_route=\/wp\/v2\/pages\/10\/revisions\/150"}],"wp:attachment":[{"href":"https:\/\/invitatie.filipmihai.com\/index.php?rest_route=%2Fwp%2Fv2%2Fmedia&parent=10"}],"curies":[{"name":"wp","href":"https:\/\/api.w.org\/{rel}","templated":true}]}}